{"id":34,"date":"2019-02-04T15:55:42","date_gmt":"2019-02-04T15:55:42","guid":{"rendered":"http:\/\/mad.dhitech.it\/?page_id=34"},"modified":"2024-10-11T14:04:20","modified_gmt":"2024-10-11T14:04:20","slug":"sample-page-2","status":"publish","type":"page","link":"https:\/\/mad.dhitech.it\/","title":{"rendered":"HOME"},"content":{"rendered":"\n<p><\/p>\n\n\n<!-- wp:themify-builder\/canvas \/-->\n\n<p><\/p>","protected":false},"excerpt":{"rendered":"","protected":false},"author":2,"featured_media":0,"parent":0,"menu_order":0,"comment_status":"closed","ping_status":"open","template":"","meta":{"footnotes":""},"class_list":["post-34","page","type-page","status-publish","hentry","has-post-title","has-post-date","has-post-category","has-post-tag","has-post-comment","has-post-author",""],"builder_content":"<p><strong>Il Progetto MAD \u2013\u00a0<b>La metamorfosi Additiva del Design<\/b>\u00a0<\/strong>\u00a0(<strong>Cod.\u00a0ARS01_00717<\/strong>) \u2013 presentato in risposta all\u2019Avviso Pubblico Prot. n. 1735 del 13\/07\/2017 emanato dal MIUR (Ministero dell\u2019Istruzione, dell\u2019Universit\u00e0 e della Ricerca) \u2013 \u00e8 finanziato\u00a0dal Fondo Europeo di Sviluppo Regionale (FESR) nell\u2019ambito del PON R&amp;I 2014-2020 \u2013 Asse 2 \u2013 Azione II \u2013 OS 1.b) e dal FSC (Decreto di Concessione Prot. n. 1547 del 29\/09\/2020).<\/p> <p>Il Soggetto Capofila del partenariato pubblico-privato \u00e8 l\\'<strong><em>Istituto Nazionale di Fisica Nucleare (INFN)<\/em><\/strong>.<\/p> <p>Il progetto MAD sviluppa il concetto di Design come un processo innovativo di flusso di lavoro che, a partire dalla definizione delle specifiche dei prodotti finali, si declina nello sviluppo di sistemi avanzati di calcolo che permettono la sintesi ed ottimizzazione di nuovi materiali relativi ad i prodotti stessi in ambito comsumer, home living, automotive e aerospace. I processi innovativi, sviluppati ed ottimizzati per la produzione additiva di componenti di Design integrati, vengono integrati con controlli elettronici specifici in modo da aumentarne la produttivit\u00e0 ed ottimizzare le risorse coinvolte. Il processo di design cos\u00ec rinnovato tiene conto di tutte le tematiche di riferimento come i concetti di economia circolare e gestione di vita dei prodotti in modo da diventare di fatto un grande processo integrato che, grazie ad un efficiente collegamento informatico tra le varie fasi, porta auspicabilmente al mercato globale.<\/p> <p>Il design di un prodotto racchiude in s\u00e9 un elevato insieme di studi come l\u2019ergonomia, l\u2019usabilit\u00e0, la pre-produzione, l\u2019impatto ambientale, la dismissione, i costi di produzione ed esercizio, la scelta dei materiali e delle loro propriet\u00e0 strutturali e chimico-fisiche. Le iniziali controversie teoriche sul ruolo del design (sia sul versante estetico sia su quello politico-ideologico) hanno trovato una risolutiva sintesi in una efficace definizione di Tom\u00e0s Maldonado: \\\"Il design \u00e8 un\u2019attivit\u00e0 progettuale che consiste nel determinare le propriet\u00e0 formali degli oggetti prodotti industrialmente, per propriet\u00e0 formali dovendosi intendere non\u00a0solo le caratteristiche esteriori, ma soprattutto le relazioni funzionali e strutturali che fanno di un oggetto un\u2019unit\u00e0 coerente sia dal punto di vista del produttore sia dell\u2019utente\\\".<\/p> <p>Il progetto si inserisce in un contesto di forte sviluppo delle tecnologie additive nel settore industriale in ambito automotive, aeronautico ed aerospace, home living, comsuming ed interior design con tendenza delle imprese ad orientarsi verso soluzioni quanto pi\u00f9 possibile consolidate e standardizzate, per quanto comunque recenti, al fine di minimizzare i rischi degli investimenti decisamente onerosi per la maggior parte di esse. In questo panorama il progetto presentato ambisce a definire nuove linee di sviluppo della tecnologia in ogni direzione ed in ogni settore applicativo coinvolto: materiali innovativi come leghe metalliche e resine caricate, processi sperimentali come nuove tecnologie di deposizione di materiale metallico, ed innovativi componenti end-use come integrazione di componentistica elettronica per espandere ulteriormente le potenzialit\u00e0 di utilizzo. Il partenariato proponente, attraverso lo sfruttamento del know-how trasversale di cui \u00e8 intrinsecamente dotato, confida pertanto di poter fornire delle soluzioni tecnologiche pionieristiche ed altamente innovative, potenzialmente in grado di aprire nuovi spazi nel mercato attuale e di garantire un vantaggio strategico globale alle aziende coinvolte ed all\u2019indotto industriale derivato. Si prevede come finalit\u00e0 a corredo del progetto, un processo di trasferimento tecnologico nell\u2019ambito delle tematiche svolte, diretto al tessuto industriale del territorio.<\/p>","_links":{"self":[{"href":"https:\/\/mad.dhitech.it\/index.php?rest_route=\/wp\/v2\/pages\/34"}],"collection":[{"href":"https:\/\/mad.dhitech.it\/index.php?rest_route=\/wp\/v2\/pages"}],"about":[{"href":"https:\/\/mad.dhitech.it\/index.php?rest_route=\/wp\/v2\/types\/page"}],"author":[{"embeddable":true,"href":"https:\/\/mad.dhitech.it\/index.php?rest_route=\/wp\/v2\/users\/2"}],"replies":[{"embeddable":true,"href":"https:\/\/mad.dhitech.it\/index.php?rest_route=%2Fwp%2Fv2%2Fcomments&post=34"}],"version-history":[{"count":84,"href":"https:\/\/mad.dhitech.it\/index.php?rest_route=\/wp\/v2\/pages\/34\/revisions"}],"predecessor-version":[{"id":1158,"href":"https:\/\/mad.dhitech.it\/index.php?rest_route=\/wp\/v2\/pages\/34\/revisions\/1158"}],"wp:attachment":[{"href":"https:\/\/mad.dhitech.it\/index.php?rest_route=%2Fwp%2Fv2%2Fmedia&parent=34"}],"curies":[{"name":"wp","href":"https:\/\/api.w.org\/{rel}","templated":true}]}}